{"id":620,"date":"2016-03-02T16:35:30","date_gmt":"2016-03-02T14:35:30","guid":{"rendered":"https:\/\/billnasratsastus.fi\/sv\/?page_id=620"},"modified":"2024-01-15T09:18:35","modified_gmt":"2024-01-15T07:18:35","slug":"etusivun-intro","status":"publish","type":"page","link":"https:\/\/www.billnasratsastus.fi\/sv\/etusivu\/etusivun-intro\/","title":{"rendered":"Etusivun intro"},"content":{"rendered":"<h1>Billn\u00e4s Ridcentrum erbjuder h\u00f6gklassig service inom ridsporten<\/h1>\n<hr \/>\n<p>Billn\u00e4s Ridcentrum ligger mitt i kulturhistorisk milj\u00f6 i Billn\u00e4s bruk som \u00e4r grundat p\u00e5 1600-talet. Billn\u00e4s ligger bara en timme fr\u00e5n Helsingfors. V\u00e5ra v\u00e4ldigt popul\u00e4ra sommarl\u00e4ger ordnas p\u00e5 Rilax g\u00e5rd i Bromarv sk\u00e4rg\u00e5rd.<\/p>\n<p><a href=\"https:\/\/billnasratsastus.fi\/wp-content\/uploads\/77Y1841.jpg\"><img loading=\"lazy\" decoding=\"async\" class=\"aligncenter wp-image-3327\" src=\"https:\/\/billnasratsastus.fi\/wp-content\/uploads\/77Y1841-1024x683.jpg\" alt=\"\" width=\"539\" height=\"360\" srcset=\"https:\/\/www.billnasratsastus.fi\/wp-content\/uploads\/77Y1841-1024x683.jpg 1024w, https:\/\/www.billnasratsastus.fi\/wp-content\/uploads\/77Y1841-300x200.jpg 300w, https:\/\/www.billnasratsastus.fi\/wp-content\/uploads\/77Y1841-768x512.jpg 768w, https:\/\/www.billnasratsastus.fi\/wp-content\/uploads\/77Y1841.jpg 1600w\" sizes=\"auto, (max-width: 539px) 100vw, 539px\" \/><\/a><\/p>\n<p>I undervisningen satsar vi p\u00e5 grundridningen och anser det viktigt att kunna rida h\u00e4sten med sitsen och l\u00e4tta hj\u00e4lper. En motiverad och n\u00f6jd h\u00e4st i arbetet \u00e4r v\u00e5rt m\u00e5l. B\u00e5de v\u00e5ra uppf\u00f6dningar och elever har t\u00e4vlat p\u00e5 h\u00f6g niv\u00e5 inom ridsportens alla olympiska grenar. \u00c5r 2011 bel\u00f6nades ridskolan som S\u00f6dra Finlands b\u00e4sta stall!<\/p>\n<p>I stallet finns utrymme f\u00f6r 30 h\u00e4star och faciliteter f\u00f6r hobby och tr\u00e4ning p\u00e5 h\u00f6g niv\u00e5. Vi har belyst ridplan 30 x 70 m, manege, stora utehagar, solarium f\u00f6r h\u00e4star, hinderutrustning och dessutom unika ridrutter i omv\u00e4xlande historisk milj\u00f6 samt en liten bana med terr\u00e4nghinder! I stallet bor s\u00e5v\u00e4l ridskoleh\u00e4star som privat- och t\u00e4vlingsh\u00e4star samt ungh\u00e4star och egna uppf\u00f6dningar.<\/p>\n<p>Vi erbjuder m\u00e5ngsidig och aktiv verksamhet. F\u00f6rutom lektioner och tr\u00e4ningar i hoppning och dressyr samt terr\u00e4ngvandringar erbjuder vi \u00e4ven h\u00e4stsk\u00f6tarkurser med olika teman, ponnyklubb och vi l\u00e4r h\u00e4stpsykologi. F\u00f6reningen Billn\u00e4s ryttare rf ordnar aktivt t\u00e4vlingar och kurser. F\u00f6reningen st\u00f6der sina medlemmar enligt f\u00f6rm\u00e5ga p\u00e5 tr\u00e4nings- och t\u00e4vlingsresor.<\/p>\n<p>Vi anser att h\u00e4starnas v\u00e4lm\u00e5ende \u00e4r det viktigaste och i stallet \u00e4r vi mycket noga om h\u00e4starnas hantering!<\/p>\n<p>Ridlektioner och tr\u00e4ningar erbjuds p\u00e5 m\u00e5nga olika niv\u00e5er, om du \u00e4r intresserad av att komma och prova eller hitta en l\u00e4mplig grupp, kontakta ossa. Vi undervisar \u00e4ven p\u00e5 svenska.<\/p>\n<p>SOMMARL\u00c4GER: De popul\u00e4ra sommarl\u00e4gren ordnas p\u00e5 Rilax g\u00e5rd i Bromarv. L\u00e4gerutbudet ser du b\u00e4st p\u00e5 den finska sidan: <a href=\"https:\/\/billnasratsastus.fi\/palvelut\/leirit\/kesaleirit\/\">Kes\u00e4leirit <\/a>\u00a0eller genom att ta direkt kontakt.<\/p>\n<p>&nbsp;<\/p>\n<p>Tel: <strong>041-3173980,\u00a0<\/strong>telefontid 9-10, andra tider; skicka meddelande\/WhatsApp<\/p>\n<p>E-post: <strong>&#98;i&#x6c;l&#x6e;&#97;&#x73;&#114;&#x61;&#116;s&#x61;s&#x74;&#117;&#x73;&#64;&#x67;&#109;&#x61;&#105;l&#x2e;c&#x6f;&#109;<\/strong><\/p>\n<p>Adress till Billn\u00e4s: Billn\u00e4s allen, Billn\u00e4s, Raseborg<\/p>\n<p>Adress till Rilax (sommarl\u00e4gren): Rilaxv\u00e4gen 354, Bromarv, Raseborg<\/p>\n<p>Du hittar oss \u00e4ven p\u00e5 Faceobook och Instagram:<\/p>\n<p><a href=\"https:\/\/www.facebook.com\/billnasinratsastuskeskus\/\" target=\"_blank\" rel=\"noopener noreferrer\"><img loading=\"lazy\" decoding=\"async\" class=\"size-full wp-image-139 aligncenter\" src=\"https:\/\/billnasratsastus.fi\/wp-content\/uploads\/fb.png\" alt=\"fb\" width=\"49\" height=\"49\" \/><\/a><\/p>\n<p><a href=\"https:\/\/www.instagram.com\/billnasinratsastuskeskus\/\"><img loading=\"lazy\" decoding=\"async\" class=\"wp-image-3363 aligncenter\" src=\"https:\/\/billnasratsastus.fi\/wp-content\/uploads\/instagram.png\" alt=\"\" width=\"56\" height=\"56\" srcset=\"https:\/\/www.billnasratsastus.fi\/wp-content\/uploads\/instagram.png 250w, https:\/\/www.billnasratsastus.fi\/wp-content\/uploads\/instagram-150x150.png 150w\" sizes=\"auto, (max-width: 56px) 100vw, 56px\" \/><\/a><\/p>\n<p>&nbsp;<\/p>\n","protected":false},"excerpt":{"rendered":"<p>Billn\u00e4s Ridcentrum erbjuder h\u00f6gklassig service inom ridsporten Billn\u00e4s Ridcentrum ligger mitt i kulturhistorisk milj\u00f6 i Billn\u00e4s bruk som \u00e4r grundat p\u00e5 1600-talet. Billn\u00e4s ligger bara en timme fr\u00e5n Helsingfors. V\u00e5ra v\u00e4ldigt popul\u00e4ra sommarl\u00e4ger ordnas p\u00e5 Rilax g\u00e5rd i Bromarv sk\u00e4rg\u00e5rd. I undervisningen satsar vi p\u00e5 grundridningen och anser det viktigt att kunna rida h\u00e4sten med [&hellip;]<\/p>\n","protected":false},"author":3,"featured_media":0,"parent":11,"menu_order":0,"comment_status":"closed","ping_status":"open","template":"","meta":{"_genesis_hide_title":false,"_genesis_hide_breadcrumbs":false,"_genesis_hide_singular_image":false,"_genesis_hide_footer_widgets":false,"_genesis_custom_body_class":"","_genesis_custom_post_class":"","_genesis_layout":"","ngg_post_thumbnail":0,"footnotes":""},"class_list":{"0":"post-620","1":"page","2":"type-page","3":"status-publish","5":"entry"},"yoast_head":"<!-- This site is optimized with the Yoast SEO plugin v27.4 - https:\/\/yoast.com\/product\/yoast-seo-wordpress\/ -->\n<title>Etusivun intro - Billn\u00e4sin Ratsastuskeskus<\/title>\n<meta name=\"robots\" content=\"noindex, nofollow\" \/>\n<meta property=\"og:locale\" content=\"sv_SE\" \/>\n<meta property=\"og:type\" content=\"article\" \/>\n<meta property=\"og:title\" content=\"Etusivun intro - Billn\u00e4sin Ratsastuskeskus\" \/>\n<meta property=\"og:description\" content=\"Billn\u00e4s Ridcentrum erbjuder h\u00f6gklassig service inom ridsporten Billn\u00e4s Ridcentrum ligger mitt i kulturhistorisk milj\u00f6 i Billn\u00e4s bruk som \u00e4r grundat p\u00e5 1600-talet. Billn\u00e4s ligger bara en timme fr\u00e5n Helsingfors. V\u00e5ra v\u00e4ldigt popul\u00e4ra sommarl\u00e4ger ordnas p\u00e5 Rilax g\u00e5rd i Bromarv sk\u00e4rg\u00e5rd. I undervisningen satsar vi p\u00e5 grundridningen och anser det viktigt att kunna rida h\u00e4sten med [&hellip;]\" \/>\n<meta property=\"og:url\" content=\"https:\/\/www.billnasratsastus.fi\/sv\/etusivu\/etusivun-intro\/\" \/>\n<meta property=\"og:site_name\" content=\"Billn\u00e4sin Ratsastuskeskus\" \/>\n<meta property=\"article:modified_time\" content=\"2024-01-15T07:18:35+00:00\" \/>\n<meta property=\"og:image\" content=\"https:\/\/billnasratsastus.fi\/wp-content\/uploads\/77Y1841-1024x683.jpg\" \/>\n<meta name=\"twitter:card\" content=\"summary_large_image\" \/>\n<meta name=\"twitter:label1\" content=\"Ber\u00e4knad l\u00e4stid\" \/>\n\t<meta name=\"twitter:data1\" content=\"2 minuter\" \/>\n<script type=\"application\/ld+json\" class=\"yoast-schema-graph\">{\"@context\":\"https:\\\/\\\/schema.org\",\"@graph\":[{\"@type\":\"WebPage\",\"@id\":\"https:\\\/\\\/www.billnasratsastus.fi\\\/sv\\\/etusivu\\\/etusivun-intro\\\/\",\"url\":\"https:\\\/\\\/www.billnasratsastus.fi\\\/sv\\\/etusivu\\\/etusivun-intro\\\/\",\"name\":\"Etusivun intro - Billn\u00e4sin Ratsastuskeskus\",\"isPartOf\":{\"@id\":\"https:\\\/\\\/www.billnasratsastus.fi\\\/#website\"},\"primaryImageOfPage\":{\"@id\":\"https:\\\/\\\/www.billnasratsastus.fi\\\/sv\\\/etusivu\\\/etusivun-intro\\\/#primaryimage\"},\"image\":{\"@id\":\"https:\\\/\\\/www.billnasratsastus.fi\\\/sv\\\/etusivu\\\/etusivun-intro\\\/#primaryimage\"},\"thumbnailUrl\":\"https:\\\/\\\/billnasratsastus.fi\\\/wp-content\\\/uploads\\\/77Y1841-1024x683.jpg\",\"datePublished\":\"2016-03-02T14:35:30+00:00\",\"dateModified\":\"2024-01-15T07:18:35+00:00\",\"breadcrumb\":{\"@id\":\"https:\\\/\\\/www.billnasratsastus.fi\\\/sv\\\/etusivu\\\/etusivun-intro\\\/#breadcrumb\"},\"inLanguage\":\"sv-SE\",\"potentialAction\":[{\"@type\":\"ReadAction\",\"target\":[\"https:\\\/\\\/www.billnasratsastus.fi\\\/sv\\\/etusivu\\\/etusivun-intro\\\/\"]}]},{\"@type\":\"ImageObject\",\"inLanguage\":\"sv-SE\",\"@id\":\"https:\\\/\\\/www.billnasratsastus.fi\\\/sv\\\/etusivu\\\/etusivun-intro\\\/#primaryimage\",\"url\":\"https:\\\/\\\/billnasratsastus.fi\\\/wp-content\\\/uploads\\\/77Y1841-1024x683.jpg\",\"contentUrl\":\"https:\\\/\\\/billnasratsastus.fi\\\/wp-content\\\/uploads\\\/77Y1841-1024x683.jpg\"},{\"@type\":\"BreadcrumbList\",\"@id\":\"https:\\\/\\\/www.billnasratsastus.fi\\\/sv\\\/etusivu\\\/etusivun-intro\\\/#breadcrumb\",\"itemListElement\":[{\"@type\":\"ListItem\",\"position\":1,\"name\":\"Etusivu\",\"item\":\"https:\\\/\\\/www.billnasratsastus.fi\\\/sv\\\/\"},{\"@type\":\"ListItem\",\"position\":2,\"name\":\"Etusivu\",\"item\":\"https:\\\/\\\/www.billnasratsastus.fi\\\/sv\\\/\"},{\"@type\":\"ListItem\",\"position\":3,\"name\":\"Etusivun intro\"}]},{\"@type\":\"WebSite\",\"@id\":\"https:\\\/\\\/www.billnasratsastus.fi\\\/#website\",\"url\":\"https:\\\/\\\/www.billnasratsastus.fi\\\/\",\"name\":\"Billn\u00e4sin Ratsastuskeskus\",\"description\":\"Billn\u00e4sin Ratsastuskeskus on korkeatasoisia ratsastuspalveluita tarjoava ratsastuskoulu, jonka toiminta on keskittynyt p\u00e4\u00e4asiallisesti kauniiseen 1600-luvun Billn\u00e4sin ruukkiin, keskelle kulttuurihistoriallisia maisemia.\",\"potentialAction\":[{\"@type\":\"SearchAction\",\"target\":{\"@type\":\"EntryPoint\",\"urlTemplate\":\"https:\\\/\\\/www.billnasratsastus.fi\\\/?s={search_term_string}\"},\"query-input\":{\"@type\":\"PropertyValueSpecification\",\"valueRequired\":true,\"valueName\":\"search_term_string\"}}],\"inLanguage\":\"sv-SE\"}]}<\/script>\n<!-- \/ Yoast SEO plugin. -->","yoast_head_json":{"title":"Etusivun intro - Billn\u00e4sin Ratsastuskeskus","robots":{"index":"noindex","follow":"nofollow"},"og_locale":"sv_SE","og_type":"article","og_title":"Etusivun intro - Billn\u00e4sin Ratsastuskeskus","og_description":"Billn\u00e4s Ridcentrum erbjuder h\u00f6gklassig service inom ridsporten Billn\u00e4s Ridcentrum ligger mitt i kulturhistorisk milj\u00f6 i Billn\u00e4s bruk som \u00e4r grundat p\u00e5 1600-talet. Billn\u00e4s ligger bara en timme fr\u00e5n Helsingfors. V\u00e5ra v\u00e4ldigt popul\u00e4ra sommarl\u00e4ger ordnas p\u00e5 Rilax g\u00e5rd i Bromarv sk\u00e4rg\u00e5rd. I undervisningen satsar vi p\u00e5 grundridningen och anser det viktigt att kunna rida h\u00e4sten med [&hellip;]","og_url":"https:\/\/www.billnasratsastus.fi\/sv\/etusivu\/etusivun-intro\/","og_site_name":"Billn\u00e4sin Ratsastuskeskus","article_modified_time":"2024-01-15T07:18:35+00:00","og_image":[{"url":"https:\/\/billnasratsastus.fi\/wp-content\/uploads\/77Y1841-1024x683.jpg","type":"","width":"","height":""}],"twitter_card":"summary_large_image","twitter_misc":{"Ber\u00e4knad l\u00e4stid":"2 minuter"},"schema":{"@context":"https:\/\/schema.org","@graph":[{"@type":"WebPage","@id":"https:\/\/www.billnasratsastus.fi\/sv\/etusivu\/etusivun-intro\/","url":"https:\/\/www.billnasratsastus.fi\/sv\/etusivu\/etusivun-intro\/","name":"Etusivun intro - Billn\u00e4sin Ratsastuskeskus","isPartOf":{"@id":"https:\/\/www.billnasratsastus.fi\/#website"},"primaryImageOfPage":{"@id":"https:\/\/www.billnasratsastus.fi\/sv\/etusivu\/etusivun-intro\/#primaryimage"},"image":{"@id":"https:\/\/www.billnasratsastus.fi\/sv\/etusivu\/etusivun-intro\/#primaryimage"},"thumbnailUrl":"https:\/\/billnasratsastus.fi\/wp-content\/uploads\/77Y1841-1024x683.jpg","datePublished":"2016-03-02T14:35:30+00:00","dateModified":"2024-01-15T07:18:35+00:00","breadcrumb":{"@id":"https:\/\/www.billnasratsastus.fi\/sv\/etusivu\/etusivun-intro\/#breadcrumb"},"inLanguage":"sv-SE","potentialAction":[{"@type":"ReadAction","target":["https:\/\/www.billnasratsastus.fi\/sv\/etusivu\/etusivun-intro\/"]}]},{"@type":"ImageObject","inLanguage":"sv-SE","@id":"https:\/\/www.billnasratsastus.fi\/sv\/etusivu\/etusivun-intro\/#primaryimage","url":"https:\/\/billnasratsastus.fi\/wp-content\/uploads\/77Y1841-1024x683.jpg","contentUrl":"https:\/\/billnasratsastus.fi\/wp-content\/uploads\/77Y1841-1024x683.jpg"},{"@type":"BreadcrumbList","@id":"https:\/\/www.billnasratsastus.fi\/sv\/etusivu\/etusivun-intro\/#breadcrumb","itemListElement":[{"@type":"ListItem","position":1,"name":"Etusivu","item":"https:\/\/www.billnasratsastus.fi\/sv\/"},{"@type":"ListItem","position":2,"name":"Etusivu","item":"https:\/\/www.billnasratsastus.fi\/sv\/"},{"@type":"ListItem","position":3,"name":"Etusivun intro"}]},{"@type":"WebSite","@id":"https:\/\/www.billnasratsastus.fi\/#website","url":"https:\/\/www.billnasratsastus.fi\/","name":"Billn\u00e4sin Ratsastuskeskus","description":"Billn\u00e4sin Ratsastuskeskus on korkeatasoisia ratsastuspalveluita tarjoava ratsastuskoulu, jonka toiminta on keskittynyt p\u00e4\u00e4asiallisesti kauniiseen 1600-luvun Billn\u00e4sin ruukkiin, keskelle kulttuurihistoriallisia maisemia.","potentialAction":[{"@type":"SearchAction","target":{"@type":"EntryPoint","urlTemplate":"https:\/\/www.billnasratsastus.fi\/?s={search_term_string}"},"query-input":{"@type":"PropertyValueSpecification","valueRequired":true,"valueName":"search_term_string"}}],"inLanguage":"sv-SE"}]}},"_links":{"self":[{"href":"https:\/\/www.billnasratsastus.fi\/sv\/wp-json\/wp\/v2\/pages\/620","targetHints":{"allow":["GET"]}}],"collection":[{"href":"https:\/\/www.billnasratsastus.fi\/sv\/wp-json\/wp\/v2\/pages"}],"about":[{"href":"https:\/\/www.billnasratsastus.fi\/sv\/wp-json\/wp\/v2\/types\/page"}],"author":[{"embeddable":true,"href":"https:\/\/www.billnasratsastus.fi\/sv\/wp-json\/wp\/v2\/users\/3"}],"replies":[{"embeddable":true,"href":"https:\/\/www.billnasratsastus.fi\/sv\/wp-json\/wp\/v2\/comments?post=620"}],"version-history":[{"count":8,"href":"https:\/\/www.billnasratsastus.fi\/sv\/wp-json\/wp\/v2\/pages\/620\/revisions"}],"predecessor-version":[{"id":3780,"href":"https:\/\/www.billnasratsastus.fi\/sv\/wp-json\/wp\/v2\/pages\/620\/revisions\/3780"}],"up":[{"embeddable":true,"href":"https:\/\/www.billnasratsastus.fi\/sv\/wp-json\/wp\/v2\/pages\/11"}],"wp:attachment":[{"href":"https:\/\/www.billnasratsastus.fi\/sv\/wp-json\/wp\/v2\/media?parent=620"}],"curies":[{"name":"wp","href":"https:\/\/api.w.org\/{rel}","templated":true}]}}