{"id":618,"date":"2016-03-02T16:33:49","date_gmt":"2016-03-02T14:33:49","guid":{"rendered":"https:\/\/billnasratsastus.fi\/en\/?page_id=618"},"modified":"2024-01-15T09:18:36","modified_gmt":"2024-01-15T07:18:36","slug":"etusivun-intro","status":"publish","type":"page","link":"https:\/\/www.billnasratsastus.fi\/en\/etusivu\/etusivun-intro\/","title":{"rendered":"Etusivun intro"},"content":{"rendered":"<h1>Billn\u00e4s Riding Centre also serve you in English<\/h1>\n<hr \/>\n<p>Would You like to train jumping or dressage? Or just ride out in the beautiful nature for a few ours? Or sit on a horse for the first time in your life? We offer You all different kind of services.<\/p>\n<p><a href=\"https:\/\/billnasratsastus.fi\/wp-content\/uploads\/77Y1159.jpg\"><img loading=\"lazy\" decoding=\"async\" class=\"aligncenter wp-image-3101\" src=\"https:\/\/billnasratsastus.fi\/wp-content\/uploads\/77Y1159-1024x683.jpg\" alt=\"\" width=\"574\" height=\"383\" srcset=\"https:\/\/www.billnasratsastus.fi\/wp-content\/uploads\/77Y1159-1024x683.jpg 1024w, https:\/\/www.billnasratsastus.fi\/wp-content\/uploads\/77Y1159-300x200.jpg 300w, https:\/\/www.billnasratsastus.fi\/wp-content\/uploads\/77Y1159-768x512.jpg 768w, https:\/\/www.billnasratsastus.fi\/wp-content\/uploads\/77Y1159.jpg 1600w\" sizes=\"auto, (max-width: 574px) 100vw, 574px\" \/><\/a><\/p>\n<p>The riding centre is located in the historical village of Billn\u00e4s in Raasepori, Finland. It&#8217;s only one hour by car or train from the capital, Helsinki. We train horses and students from beginners to top level in jumping and dressage and also offer outdoor riding in beautiful nature. The stable includes about 30 horses which among riding school horses, competition horses, young horses and privately owned horses. The estate includes outdoor arena, indoor, paddocks and lovely terrain to ride on, also small cross-country field. Our very popular summer camps are arranged in the estate of Rilax, in Bromarv. In 2011 Billn\u00e4s Riding Centre was chosen to the best stable in the South of Finland.<\/p>\n<p>The most important for us is wellbeing of the horses and we are determined to watch carefully how the horses are being treated. Over the years many of our students and breedings have been successful on top level in both dressage and jumping. In our instruction we put value on keeping the horse light so it can carry itself in great balance and be happy with its rider.<\/p>\n<p>If You are interested in a riding lesson, training for you or your horse, please contact us:<\/p>\n<p>Phone number: <strong>041-3173980\u00a0<\/strong>(if we don&#8217;t answer, please send a message or WhatsApp)<\/p>\n<p>E-mail: <strong>&#x62;&#x69;&#x6c;&#x6c;&#110;&#97;sra&#x74;&#x73;&#x61;&#x73;&#116;&#117;s&#64;g&#x6d;&#x61;&#x69;&#x6c;&#46;&#99;&#111;m<\/strong><\/p>\n<p>You can find us also on Facebook and Instagram:<\/p>\n<p><a href=\"https:\/\/www.facebook.com\/billnasinratsastuskeskus\/\" target=\"_blank\" rel=\"noopener noreferrer\"><img loading=\"lazy\" decoding=\"async\" class=\"size-full wp-image-139 aligncenter\" src=\"https:\/\/billnasratsastus.fi\/wp-content\/uploads\/fb.png\" alt=\"fb\" width=\"49\" height=\"49\" \/><\/a><\/p>\n<p><a href=\"https:\/\/www.instagram.com\/billnasinratsastuskeskus\/\"><img loading=\"lazy\" decoding=\"async\" class=\"wp-image-3363 aligncenter\" src=\"https:\/\/billnasratsastus.fi\/wp-content\/uploads\/instagram.png\" alt=\"\" width=\"56\" height=\"56\" srcset=\"https:\/\/www.billnasratsastus.fi\/wp-content\/uploads\/instagram.png 250w, https:\/\/www.billnasratsastus.fi\/wp-content\/uploads\/instagram-150x150.png 150w\" sizes=\"auto, (max-width: 56px) 100vw, 56px\" \/><\/a><\/p>\n","protected":false},"excerpt":{"rendered":"<p>Billn\u00e4s Riding Centre also serve you in English Would You like to train jumping or dressage? Or just ride out in the beautiful nature for a few ours? Or sit on a horse for the first time in your life? We offer You all different kind of services. The riding centre is located in the [&hellip;]<\/p>\n","protected":false},"author":3,"featured_media":0,"parent":9,"menu_order":0,"comment_status":"closed","ping_status":"open","template":"","meta":{"_genesis_hide_title":false,"_genesis_hide_breadcrumbs":false,"_genesis_hide_singular_image":false,"_genesis_hide_footer_widgets":false,"_genesis_custom_body_class":"","_genesis_custom_post_class":"","_genesis_layout":"","ngg_post_thumbnail":0,"footnotes":""},"class_list":{"0":"post-618","1":"page","2":"type-page","3":"status-publish","5":"entry"},"yoast_head":"<!-- This site is optimized with the Yoast SEO plugin v27.4 - https:\/\/yoast.com\/product\/yoast-seo-wordpress\/ -->\n<title>Etusivun intro - Billn\u00e4sin Ratsastuskeskus<\/title>\n<meta name=\"robots\" content=\"noindex, nofollow\" \/>\n<meta property=\"og:locale\" content=\"en_US\" \/>\n<meta property=\"og:type\" content=\"article\" \/>\n<meta property=\"og:title\" content=\"Etusivun intro - Billn\u00e4sin Ratsastuskeskus\" \/>\n<meta property=\"og:description\" content=\"Billn\u00e4s Riding Centre also serve you in English Would You like to train jumping or dressage? Or just ride out in the beautiful nature for a few ours? Or sit on a horse for the first time in your life? We offer You all different kind of services. The riding centre is located in the [&hellip;]\" \/>\n<meta property=\"og:url\" content=\"https:\/\/www.billnasratsastus.fi\/en\/etusivu\/etusivun-intro\/\" \/>\n<meta property=\"og:site_name\" content=\"Billn\u00e4sin Ratsastuskeskus\" \/>\n<meta property=\"article:modified_time\" content=\"2024-01-15T07:18:36+00:00\" \/>\n<meta property=\"og:image\" content=\"https:\/\/billnasratsastus.fi\/wp-content\/uploads\/77Y1159-1024x683.jpg\" \/>\n<meta name=\"twitter:card\" content=\"summary_large_image\" \/>\n<meta name=\"twitter:label1\" content=\"Est. reading time\" \/>\n\t<meta name=\"twitter:data1\" content=\"1 minute\" \/>\n<script type=\"application\/ld+json\" class=\"yoast-schema-graph\">{\"@context\":\"https:\\\/\\\/schema.org\",\"@graph\":[{\"@type\":\"WebPage\",\"@id\":\"https:\\\/\\\/www.billnasratsastus.fi\\\/en\\\/etusivu\\\/etusivun-intro\\\/\",\"url\":\"https:\\\/\\\/www.billnasratsastus.fi\\\/en\\\/etusivu\\\/etusivun-intro\\\/\",\"name\":\"Etusivun intro - Billn\u00e4sin Ratsastuskeskus\",\"isPartOf\":{\"@id\":\"https:\\\/\\\/www.billnasratsastus.fi\\\/#website\"},\"primaryImageOfPage\":{\"@id\":\"https:\\\/\\\/www.billnasratsastus.fi\\\/en\\\/etusivu\\\/etusivun-intro\\\/#primaryimage\"},\"image\":{\"@id\":\"https:\\\/\\\/www.billnasratsastus.fi\\\/en\\\/etusivu\\\/etusivun-intro\\\/#primaryimage\"},\"thumbnailUrl\":\"https:\\\/\\\/billnasratsastus.fi\\\/wp-content\\\/uploads\\\/77Y1159-1024x683.jpg\",\"datePublished\":\"2016-03-02T14:33:49+00:00\",\"dateModified\":\"2024-01-15T07:18:36+00:00\",\"breadcrumb\":{\"@id\":\"https:\\\/\\\/www.billnasratsastus.fi\\\/en\\\/etusivu\\\/etusivun-intro\\\/#breadcrumb\"},\"inLanguage\":\"en-US\",\"potentialAction\":[{\"@type\":\"ReadAction\",\"target\":[\"https:\\\/\\\/www.billnasratsastus.fi\\\/en\\\/etusivu\\\/etusivun-intro\\\/\"]}]},{\"@type\":\"ImageObject\",\"inLanguage\":\"en-US\",\"@id\":\"https:\\\/\\\/www.billnasratsastus.fi\\\/en\\\/etusivu\\\/etusivun-intro\\\/#primaryimage\",\"url\":\"https:\\\/\\\/billnasratsastus.fi\\\/wp-content\\\/uploads\\\/77Y1159-1024x683.jpg\",\"contentUrl\":\"https:\\\/\\\/billnasratsastus.fi\\\/wp-content\\\/uploads\\\/77Y1159-1024x683.jpg\"},{\"@type\":\"BreadcrumbList\",\"@id\":\"https:\\\/\\\/www.billnasratsastus.fi\\\/en\\\/etusivu\\\/etusivun-intro\\\/#breadcrumb\",\"itemListElement\":[{\"@type\":\"ListItem\",\"position\":1,\"name\":\"Etusivu\",\"item\":\"https:\\\/\\\/www.billnasratsastus.fi\\\/en\\\/\"},{\"@type\":\"ListItem\",\"position\":2,\"name\":\"Etusivu\",\"item\":\"https:\\\/\\\/www.billnasratsastus.fi\\\/en\\\/\"},{\"@type\":\"ListItem\",\"position\":3,\"name\":\"Etusivun intro\"}]},{\"@type\":\"WebSite\",\"@id\":\"https:\\\/\\\/www.billnasratsastus.fi\\\/#website\",\"url\":\"https:\\\/\\\/www.billnasratsastus.fi\\\/\",\"name\":\"Billn\u00e4sin Ratsastuskeskus\",\"description\":\"Billn\u00e4sin Ratsastuskeskus on korkeatasoisia ratsastuspalveluita tarjoava ratsastuskoulu, jonka toiminta on keskittynyt p\u00e4\u00e4asiallisesti kauniiseen 1600-luvun Billn\u00e4sin ruukkiin, keskelle kulttuurihistoriallisia maisemia.\",\"potentialAction\":[{\"@type\":\"SearchAction\",\"target\":{\"@type\":\"EntryPoint\",\"urlTemplate\":\"https:\\\/\\\/www.billnasratsastus.fi\\\/?s={search_term_string}\"},\"query-input\":{\"@type\":\"PropertyValueSpecification\",\"valueRequired\":true,\"valueName\":\"search_term_string\"}}],\"inLanguage\":\"en-US\"}]}<\/script>\n<!-- \/ Yoast SEO plugin. -->","yoast_head_json":{"title":"Etusivun intro - Billn\u00e4sin Ratsastuskeskus","robots":{"index":"noindex","follow":"nofollow"},"og_locale":"en_US","og_type":"article","og_title":"Etusivun intro - Billn\u00e4sin Ratsastuskeskus","og_description":"Billn\u00e4s Riding Centre also serve you in English Would You like to train jumping or dressage? Or just ride out in the beautiful nature for a few ours? Or sit on a horse for the first time in your life? We offer You all different kind of services. The riding centre is located in the [&hellip;]","og_url":"https:\/\/www.billnasratsastus.fi\/en\/etusivu\/etusivun-intro\/","og_site_name":"Billn\u00e4sin Ratsastuskeskus","article_modified_time":"2024-01-15T07:18:36+00:00","og_image":[{"url":"https:\/\/billnasratsastus.fi\/wp-content\/uploads\/77Y1159-1024x683.jpg","type":"","width":"","height":""}],"twitter_card":"summary_large_image","twitter_misc":{"Est. reading time":"1 minute"},"schema":{"@context":"https:\/\/schema.org","@graph":[{"@type":"WebPage","@id":"https:\/\/www.billnasratsastus.fi\/en\/etusivu\/etusivun-intro\/","url":"https:\/\/www.billnasratsastus.fi\/en\/etusivu\/etusivun-intro\/","name":"Etusivun intro - Billn\u00e4sin Ratsastuskeskus","isPartOf":{"@id":"https:\/\/www.billnasratsastus.fi\/#website"},"primaryImageOfPage":{"@id":"https:\/\/www.billnasratsastus.fi\/en\/etusivu\/etusivun-intro\/#primaryimage"},"image":{"@id":"https:\/\/www.billnasratsastus.fi\/en\/etusivu\/etusivun-intro\/#primaryimage"},"thumbnailUrl":"https:\/\/billnasratsastus.fi\/wp-content\/uploads\/77Y1159-1024x683.jpg","datePublished":"2016-03-02T14:33:49+00:00","dateModified":"2024-01-15T07:18:36+00:00","breadcrumb":{"@id":"https:\/\/www.billnasratsastus.fi\/en\/etusivu\/etusivun-intro\/#breadcrumb"},"inLanguage":"en-US","potentialAction":[{"@type":"ReadAction","target":["https:\/\/www.billnasratsastus.fi\/en\/etusivu\/etusivun-intro\/"]}]},{"@type":"ImageObject","inLanguage":"en-US","@id":"https:\/\/www.billnasratsastus.fi\/en\/etusivu\/etusivun-intro\/#primaryimage","url":"https:\/\/billnasratsastus.fi\/wp-content\/uploads\/77Y1159-1024x683.jpg","contentUrl":"https:\/\/billnasratsastus.fi\/wp-content\/uploads\/77Y1159-1024x683.jpg"},{"@type":"BreadcrumbList","@id":"https:\/\/www.billnasratsastus.fi\/en\/etusivu\/etusivun-intro\/#breadcrumb","itemListElement":[{"@type":"ListItem","position":1,"name":"Etusivu","item":"https:\/\/www.billnasratsastus.fi\/en\/"},{"@type":"ListItem","position":2,"name":"Etusivu","item":"https:\/\/www.billnasratsastus.fi\/en\/"},{"@type":"ListItem","position":3,"name":"Etusivun intro"}]},{"@type":"WebSite","@id":"https:\/\/www.billnasratsastus.fi\/#website","url":"https:\/\/www.billnasratsastus.fi\/","name":"Billn\u00e4sin Ratsastuskeskus","description":"Billn\u00e4sin Ratsastuskeskus on korkeatasoisia ratsastuspalveluita tarjoava ratsastuskoulu, jonka toiminta on keskittynyt p\u00e4\u00e4asiallisesti kauniiseen 1600-luvun Billn\u00e4sin ruukkiin, keskelle kulttuurihistoriallisia maisemia.","potentialAction":[{"@type":"SearchAction","target":{"@type":"EntryPoint","urlTemplate":"https:\/\/www.billnasratsastus.fi\/?s={search_term_string}"},"query-input":{"@type":"PropertyValueSpecification","valueRequired":true,"valueName":"search_term_string"}}],"inLanguage":"en-US"}]}},"_links":{"self":[{"href":"https:\/\/www.billnasratsastus.fi\/en\/wp-json\/wp\/v2\/pages\/618","targetHints":{"allow":["GET"]}}],"collection":[{"href":"https:\/\/www.billnasratsastus.fi\/en\/wp-json\/wp\/v2\/pages"}],"about":[{"href":"https:\/\/www.billnasratsastus.fi\/en\/wp-json\/wp\/v2\/types\/page"}],"author":[{"embeddable":true,"href":"https:\/\/www.billnasratsastus.fi\/en\/wp-json\/wp\/v2\/users\/3"}],"replies":[{"embeddable":true,"href":"https:\/\/www.billnasratsastus.fi\/en\/wp-json\/wp\/v2\/comments?post=618"}],"version-history":[{"count":5,"href":"https:\/\/www.billnasratsastus.fi\/en\/wp-json\/wp\/v2\/pages\/618\/revisions"}],"predecessor-version":[{"id":3369,"href":"https:\/\/www.billnasratsastus.fi\/en\/wp-json\/wp\/v2\/pages\/618\/revisions\/3369"}],"up":[{"embeddable":true,"href":"https:\/\/www.billnasratsastus.fi\/en\/wp-json\/wp\/v2\/pages\/9"}],"wp:attachment":[{"href":"https:\/\/www.billnasratsastus.fi\/en\/wp-json\/wp\/v2\/media?parent=618"}],"curies":[{"name":"wp","href":"https:\/\/api.w.org\/{rel}","templated":true}]}}